{"id":238,"date":"2021-11-16T17:56:29","date_gmt":"2021-11-16T17:56:29","guid":{"rendered":"https:\/\/avelozcomunicacao.com.br\/toyotas\/?page_id=238"},"modified":"2021-12-02T12:33:09","modified_gmt":"2021-12-02T12:33:09","slug":"sobre","status":"publish","type":"page","link":"https:\/\/avelozcomunicacao.com.br\/toyotas\/sobre\/","title":{"rendered":"Sobre"},"content":{"rendered":"<div class=\"wpb-content-wrapper\"><p>[vc_row][vc_column][vc_empty_space][vc_column_text]<\/p>\n<p style=\"text-align: center;\"><span style=\"font-family: 'Book Antiqua', Palatino; font-size: 14pt;\">A Limousine do Agreste \u00e9 mais uma reportagem original do Reportagens Especiais, projeto de extens\u00e3o do Observat\u00f3rio da Vida Agreste (OVA), um laborat\u00f3rio de pesquisa do Centro Acad\u00eamico do Agreste, da Universidade Federal de Pernambuco, que est\u00e1 associado ao curso de Comunica\u00e7\u00e3o Social. <\/span><\/p>\n<p style=\"text-align: center;\"><span style=\"font-family: 'Book Antiqua', Palatino; font-size: 14pt;\">Para saber mais sobre OVA e conferir outras Reportagens Especiais, acesse: <a href=\"https:\/\/medium.com\/ova-ufpe\">https:\/\/medium.com\/ova-ufpe<\/a><\/span><\/p>\n<p>[\/vc_column_text][vc_empty_space]<div class=\"row text-center\">\n\t<div id=\"267\" class=\"col-sm-4 post-267 team type-team status-publish has-post-thumbnail hentry team_category-sobre\">\n    <div class=\"feature feature-8\">\n    \t<a href=\"https:\/\/avelozcomunicacao.com.br\/toyotas\/team\/fabiana-moraes\/\" class=\"image-wrapper background-image-holder\">\n       \t\t<img loading=\"lazy\" decoding=\"async\" width=\"218\" height=\"300\" src=\"https:\/\/avelozcomunicacao.com.br\/toyotas\/wp-content\/uploads\/2021\/11\/WhatsApp-Image-2021-11-16-at-15.37.02-1-218x300.jpeg\" class=\"attachment-medium size-medium wp-post-image\" alt=\"\" srcset=\"https:\/\/avelozcomunicacao.com.br\/toyotas\/wp-content\/uploads\/2021\/11\/WhatsApp-Image-2021-11-16-at-15.37.02-1-218x300.jpeg 218w, https:\/\/avelozcomunicacao.com.br\/toyotas\/wp-content\/uploads\/2021\/11\/WhatsApp-Image-2021-11-16-at-15.37.02-1.jpeg 582w\" sizes=\"auto, (max-width: 218px) 100vw, 218px\" \/>        <\/a>\n        <h5 data-ajax-identifier=\"post_title\"><a class=\"h5\" href=\"https:\/\/avelozcomunicacao.com.br\/toyotas\/team\/fabiana-moraes\/\">Fabiana Moraes<\/a><\/h5><span data-ajax-identifier=\"_ebor_the_job_title\">Coordena\u00e7\u00e3o e Edi\u00e7\u00e3o<\/span>    <\/div>\n<\/div><div id=\"251\" class=\"col-sm-4 post-251 team type-team status-publish has-post-thumbnail hentry team_category-sobre\">\n    <div class=\"feature feature-8\">\n    \t<a href=\"https:\/\/avelozcomunicacao.com.br\/toyotas\/team\/cladisson\/\" class=\"image-wrapper background-image-holder\">\n       \t\t<img loading=\"lazy\" decoding=\"async\" width=\"245\" height=\"300\" src=\"https:\/\/avelozcomunicacao.com.br\/toyotas\/wp-content\/uploads\/2021\/11\/Cracha-245x300.jpg\" class=\"attachment-medium size-medium wp-post-image\" alt=\"\" srcset=\"https:\/\/avelozcomunicacao.com.br\/toyotas\/wp-content\/uploads\/2021\/11\/Cracha-245x300.jpg 245w, https:\/\/avelozcomunicacao.com.br\/toyotas\/wp-content\/uploads\/2021\/11\/Cracha-835x1024.jpg 835w, https:\/\/avelozcomunicacao.com.br\/toyotas\/wp-content\/uploads\/2021\/11\/Cracha-768x942.jpg 768w, https:\/\/avelozcomunicacao.com.br\/toyotas\/wp-content\/uploads\/2021\/11\/Cracha.jpg 1080w\" sizes=\"auto, (max-width: 245px) 100vw, 245px\" \/>        <\/a>\n        <h5 data-ajax-identifier=\"post_title\"><a class=\"h5\" href=\"https:\/\/avelozcomunicacao.com.br\/toyotas\/team\/cladisson\/\">Cladisson<\/a><\/h5><span data-ajax-identifier=\"_ebor_the_job_title\">Rep\u00f3rter<\/span>    <\/div>\n<\/div><div id=\"229\" class=\"col-sm-4 post-229 team type-team status-publish has-post-thumbnail hentry team_category-sobre\">\n    <div class=\"feature feature-8\">\n    \t<a href=\"https:\/\/avelozcomunicacao.com.br\/toyotas\/team\/gessica-amorim\/\" class=\"image-wrapper background-image-holder\">\n       \t\t<img loading=\"lazy\" decoding=\"async\" width=\"247\" height=\"300\" src=\"https:\/\/avelozcomunicacao.com.br\/toyotas\/wp-content\/uploads\/2021\/11\/photo_2021-11-16_14-34-05-247x300.jpg\" class=\"attachment-medium size-medium wp-post-image\" alt=\"\" srcset=\"https:\/\/avelozcomunicacao.com.br\/toyotas\/wp-content\/uploads\/2021\/11\/photo_2021-11-16_14-34-05-247x300.jpg 247w, https:\/\/avelozcomunicacao.com.br\/toyotas\/wp-content\/uploads\/2021\/11\/photo_2021-11-16_14-34-05-844x1024.jpg 844w, https:\/\/avelozcomunicacao.com.br\/toyotas\/wp-content\/uploads\/2021\/11\/photo_2021-11-16_14-34-05-768x932.jpg 768w, https:\/\/avelozcomunicacao.com.br\/toyotas\/wp-content\/uploads\/2021\/11\/photo_2021-11-16_14-34-05.jpg 1055w\" sizes=\"auto, (max-width: 247px) 100vw, 247px\" \/>        <\/a>\n        <h5 data-ajax-identifier=\"post_title\"><a class=\"h5\" href=\"https:\/\/avelozcomunicacao.com.br\/toyotas\/team\/gessica-amorim\/\">G\u00e9ssica Amorim<\/a><\/h5><span data-ajax-identifier=\"_ebor_the_job_title\">Rep\u00f3rter<\/span>    <\/div>\n<\/div><div id=\"264\" class=\"col-sm-4 post-264 team type-team status-publish has-post-thumbnail hentry team_category-sobre\">\n    <div class=\"feature feature-8\">\n    \t<a href=\"https:\/\/avelozcomunicacao.com.br\/toyotas\/team\/rauany-vasconcelos\/\" class=\"image-wrapper background-image-holder\">\n       \t\t<img loading=\"lazy\" decoding=\"async\" width=\"218\" height=\"300\" src=\"https:\/\/avelozcomunicacao.com.br\/toyotas\/wp-content\/uploads\/2021\/11\/WhatsApp-Image-2021-11-16-at-15.37.01-1-218x300.jpeg\" class=\"attachment-medium size-medium wp-post-image\" alt=\"\" srcset=\"https:\/\/avelozcomunicacao.com.br\/toyotas\/wp-content\/uploads\/2021\/11\/WhatsApp-Image-2021-11-16-at-15.37.01-1-218x300.jpeg 218w, https:\/\/avelozcomunicacao.com.br\/toyotas\/wp-content\/uploads\/2021\/11\/WhatsApp-Image-2021-11-16-at-15.37.01-1.jpeg 582w\" sizes=\"auto, (max-width: 218px) 100vw, 218px\" \/>        <\/a>\n        <h5 data-ajax-identifier=\"post_title\"><a class=\"h5\" href=\"https:\/\/avelozcomunicacao.com.br\/toyotas\/team\/rauany-vasconcelos\/\">Rauany Vasconcelos<\/a><\/h5><span data-ajax-identifier=\"_ebor_the_job_title\">Rep\u00f3rter<\/span>    <\/div>\n<\/div><div id=\"263\" class=\"col-sm-4 post-263 team type-team status-publish has-post-thumbnail hentry team_category-sobre\">\n    <div class=\"feature feature-8\">\n    \t<a href=\"https:\/\/avelozcomunicacao.com.br\/toyotas\/team\/maria-julia\/\" class=\"image-wrapper background-image-holder\">\n       \t\t<img loading=\"lazy\" decoding=\"async\" width=\"222\" height=\"300\" src=\"https:\/\/avelozcomunicacao.com.br\/toyotas\/wp-content\/uploads\/2021\/11\/WhatsApp-Image-2021-11-16-at-15.39.24-222x300.jpeg\" class=\"attachment-medium size-medium wp-post-image\" alt=\"\" srcset=\"https:\/\/avelozcomunicacao.com.br\/toyotas\/wp-content\/uploads\/2021\/11\/WhatsApp-Image-2021-11-16-at-15.39.24-222x300.jpeg 222w, https:\/\/avelozcomunicacao.com.br\/toyotas\/wp-content\/uploads\/2021\/11\/WhatsApp-Image-2021-11-16-at-15.39.24.jpeg 602w\" sizes=\"auto, (max-width: 222px) 100vw, 222px\" \/>        <\/a>\n        <h5 data-ajax-identifier=\"post_title\"><a class=\"h5\" href=\"https:\/\/avelozcomunicacao.com.br\/toyotas\/team\/maria-julia\/\">Maria Ju\u0301lia<\/a><\/h5><span data-ajax-identifier=\"_ebor_the_job_title\">Rep\u00f3rter<\/span>    <\/div>\n<\/div><div id=\"262\" class=\"col-sm-4 post-262 team type-team status-publish has-post-thumbnail hentry team_category-sobre\">\n    <div class=\"feature feature-8\">\n    \t<a href=\"https:\/\/avelozcomunicacao.com.br\/toyotas\/team\/maryane-martins\/\" class=\"image-wrapper background-image-holder\">\n       \t\t<img loading=\"lazy\" decoding=\"async\" width=\"218\" height=\"300\" src=\"https:\/\/avelozcomunicacao.com.br\/toyotas\/wp-content\/uploads\/2021\/11\/WhatsApp-Image-2021-11-16-at-15.37.02-2-218x300.jpeg\" class=\"attachment-medium size-medium wp-post-image\" alt=\"\" srcset=\"https:\/\/avelozcomunicacao.com.br\/toyotas\/wp-content\/uploads\/2021\/11\/WhatsApp-Image-2021-11-16-at-15.37.02-2-218x300.jpeg 218w, https:\/\/avelozcomunicacao.com.br\/toyotas\/wp-content\/uploads\/2021\/11\/WhatsApp-Image-2021-11-16-at-15.37.02-2.jpeg 582w\" sizes=\"auto, (max-width: 218px) 100vw, 218px\" \/>        <\/a>\n        <h5 data-ajax-identifier=\"post_title\"><a class=\"h5\" href=\"https:\/\/avelozcomunicacao.com.br\/toyotas\/team\/maryane-martins\/\">Maryane Martins<\/a><\/h5><span data-ajax-identifier=\"_ebor_the_job_title\">Rep\u00f3rter<\/span>    <\/div>\n<\/div><div id=\"261\" class=\"col-sm-4 post-261 team type-team status-publish has-post-thumbnail hentry team_category-sobre\">\n    <div class=\"feature feature-8\">\n    \t<a href=\"https:\/\/avelozcomunicacao.com.br\/toyotas\/team\/mari-souza\/\" class=\"image-wrapper background-image-holder\">\n       \t\t<img loading=\"lazy\" decoding=\"async\" width=\"218\" height=\"300\" src=\"https:\/\/avelozcomunicacao.com.br\/toyotas\/wp-content\/uploads\/2021\/11\/WhatsApp-Image-2021-11-16-at-15.37.03-218x300.jpeg\" class=\"attachment-medium size-medium wp-post-image\" alt=\"\" srcset=\"https:\/\/avelozcomunicacao.com.br\/toyotas\/wp-content\/uploads\/2021\/11\/WhatsApp-Image-2021-11-16-at-15.37.03-218x300.jpeg 218w, https:\/\/avelozcomunicacao.com.br\/toyotas\/wp-content\/uploads\/2021\/11\/WhatsApp-Image-2021-11-16-at-15.37.03.jpeg 582w\" sizes=\"auto, (max-width: 218px) 100vw, 218px\" \/>        <\/a>\n        <h5 data-ajax-identifier=\"post_title\"><a class=\"h5\" href=\"https:\/\/avelozcomunicacao.com.br\/toyotas\/team\/mari-souza\/\">Mari Souza<\/a><\/h5><span data-ajax-identifier=\"_ebor_the_job_title\">Rep\u00f3rter<\/span>    <\/div>\n<\/div><div id=\"260\" class=\"col-sm-4 post-260 team type-team status-publish has-post-thumbnail hentry team_category-sobre\">\n    <div class=\"feature feature-8\">\n    \t<a href=\"https:\/\/avelozcomunicacao.com.br\/toyotas\/team\/layane-lima\/\" class=\"image-wrapper background-image-holder\">\n       \t\t<img loading=\"lazy\" decoding=\"async\" width=\"218\" height=\"300\" src=\"https:\/\/avelozcomunicacao.com.br\/toyotas\/wp-content\/uploads\/2021\/11\/WhatsApp-Image-2021-11-16-at-15.37.02-218x300.jpeg\" class=\"attachment-medium size-medium wp-post-image\" alt=\"\" srcset=\"https:\/\/avelozcomunicacao.com.br\/toyotas\/wp-content\/uploads\/2021\/11\/WhatsApp-Image-2021-11-16-at-15.37.02-218x300.jpeg 218w, https:\/\/avelozcomunicacao.com.br\/toyotas\/wp-content\/uploads\/2021\/11\/WhatsApp-Image-2021-11-16-at-15.37.02.jpeg 582w\" sizes=\"auto, (max-width: 218px) 100vw, 218px\" \/>        <\/a>\n        <h5 data-ajax-identifier=\"post_title\"><a class=\"h5\" href=\"https:\/\/avelozcomunicacao.com.br\/toyotas\/team\/layane-lima\/\">Layane Lima<\/a><\/h5><span data-ajax-identifier=\"_ebor_the_job_title\">Rep\u00f3rter<\/span>    <\/div>\n<\/div><div id=\"618\" class=\"col-sm-4 post-618 team type-team status-publish has-post-thumbnail hentry team_category-sobre\">\n    <div class=\"feature feature-8\">\n    \t<a href=\"https:\/\/avelozcomunicacao.com.br\/toyotas\/team\/victoria-paschoal\/\" class=\"image-wrapper background-image-holder\">\n       \t\t<img loading=\"lazy\" decoding=\"async\" width=\"225\" height=\"300\" src=\"https:\/\/avelozcomunicacao.com.br\/toyotas\/wp-content\/uploads\/2021\/11\/WhatsApp-Image-2021-12-01-at-15.20.17-225x300.jpeg\" class=\"attachment-medium size-medium wp-post-image\" alt=\"\" srcset=\"https:\/\/avelozcomunicacao.com.br\/toyotas\/wp-content\/uploads\/2021\/11\/WhatsApp-Image-2021-12-01-at-15.20.17-225x300.jpeg 225w, https:\/\/avelozcomunicacao.com.br\/toyotas\/wp-content\/uploads\/2021\/11\/WhatsApp-Image-2021-12-01-at-15.20.17-768x1024.jpeg 768w, https:\/\/avelozcomunicacao.com.br\/toyotas\/wp-content\/uploads\/2021\/11\/WhatsApp-Image-2021-12-01-at-15.20.17.jpeg 960w\" sizes=\"auto, (max-width: 225px) 100vw, 225px\" \/>        <\/a>\n        <h5 data-ajax-identifier=\"post_title\"><a class=\"h5\" href=\"https:\/\/avelozcomunicacao.com.br\/toyotas\/team\/victoria-paschoal\/\">Victoria Paschoal<\/a><\/h5><span data-ajax-identifier=\"_ebor_the_job_title\">Rep\u00f3rter<\/span>    <\/div>\n<\/div><div id=\"615\" class=\"col-sm-4 post-615 team type-team status-publish has-post-thumbnail hentry team_category-sobre\">\n    <div class=\"feature feature-8\">\n    \t<a href=\"https:\/\/avelozcomunicacao.com.br\/toyotas\/team\/thalicia-sousa\/\" class=\"image-wrapper background-image-holder\">\n       \t\t<img loading=\"lazy\" decoding=\"async\" width=\"300\" height=\"300\" src=\"https:\/\/avelozcomunicacao.com.br\/toyotas\/wp-content\/uploads\/2021\/12\/Thalicia-300x300.jpeg\" class=\"attachment-medium size-medium wp-post-image\" alt=\"\" srcset=\"https:\/\/avelozcomunicacao.com.br\/toyotas\/wp-content\/uploads\/2021\/12\/Thalicia-300x300.jpeg 300w, https:\/\/avelozcomunicacao.com.br\/toyotas\/wp-content\/uploads\/2021\/12\/Thalicia-150x150.jpeg 150w, https:\/\/avelozcomunicacao.com.br\/toyotas\/wp-content\/uploads\/2021\/12\/Thalicia-60x60.jpeg 60w, https:\/\/avelozcomunicacao.com.br\/toyotas\/wp-content\/uploads\/2021\/12\/Thalicia.jpeg 500w\" sizes=\"auto, (max-width: 300px) 100vw, 300px\" \/>        <\/a>\n        <h5 data-ajax-identifier=\"post_title\"><a class=\"h5\" href=\"https:\/\/avelozcomunicacao.com.br\/toyotas\/team\/thalicia-sousa\/\">Thal\u00edcia Sousa<\/a><\/h5><span data-ajax-identifier=\"_ebor_the_job_title\">Rep\u00f3rter<\/span>    <\/div>\n<\/div><div id=\"227\" class=\"col-sm-4 post-227 team type-team status-publish has-post-thumbnail hentry team_category-sobre\">\n    <div class=\"feature feature-8\">\n    \t<a href=\"https:\/\/avelozcomunicacao.com.br\/toyotas\/team\/marcio-correia\/\" class=\"image-wrapper background-image-holder\">\n       \t\t<img loading=\"lazy\" decoding=\"async\" width=\"240\" height=\"300\" src=\"https:\/\/avelozcomunicacao.com.br\/toyotas\/wp-content\/uploads\/2021\/11\/IMG_20211013_202145_870-240x300.jpg\" class=\"attachment-medium size-medium wp-post-image\" alt=\"\" srcset=\"https:\/\/avelozcomunicacao.com.br\/toyotas\/wp-content\/uploads\/2021\/11\/IMG_20211013_202145_870-240x300.jpg 240w, https:\/\/avelozcomunicacao.com.br\/toyotas\/wp-content\/uploads\/2021\/11\/IMG_20211013_202145_870.jpg 718w\" sizes=\"auto, (max-width: 240px) 100vw, 240px\" \/>        <\/a>\n        <h5 data-ajax-identifier=\"post_title\"><a class=\"h5\" href=\"https:\/\/avelozcomunicacao.com.br\/toyotas\/team\/marcio-correia\/\">M\u00e1rcio Correia<\/a><\/h5><span data-ajax-identifier=\"_ebor_the_job_title\">M\u00eddias Sociais e Site<\/span>    <\/div>\n<\/div><div id=\"266\" class=\"col-sm-4 post-266 team type-team status-publish has-post-thumbnail hentry team_category-sobre\">\n    <div class=\"feature feature-8\">\n    \t<a href=\"https:\/\/avelozcomunicacao.com.br\/toyotas\/team\/gustavo-carvalho\/\" class=\"image-wrapper background-image-holder\">\n       \t\t<img loading=\"lazy\" decoding=\"async\" width=\"218\" height=\"300\" src=\"https:\/\/avelozcomunicacao.com.br\/toyotas\/wp-content\/uploads\/2021\/11\/WhatsApp-Image-2021-11-16-at-15.37.01-218x300.jpeg\" class=\"attachment-medium size-medium wp-post-image\" alt=\"\" srcset=\"https:\/\/avelozcomunicacao.com.br\/toyotas\/wp-content\/uploads\/2021\/11\/WhatsApp-Image-2021-11-16-at-15.37.01-218x300.jpeg 218w, https:\/\/avelozcomunicacao.com.br\/toyotas\/wp-content\/uploads\/2021\/11\/WhatsApp-Image-2021-11-16-at-15.37.01.jpeg 582w\" sizes=\"auto, (max-width: 218px) 100vw, 218px\" \/>        <\/a>\n        <h5 data-ajax-identifier=\"post_title\"><a class=\"h5\" href=\"https:\/\/avelozcomunicacao.com.br\/toyotas\/team\/gustavo-carvalho\/\">Gustavo Carvalho<\/a><\/h5><span data-ajax-identifier=\"_ebor_the_job_title\">Design<\/span>    <\/div>\n<\/div><div id=\"612\" class=\"col-sm-4 post-612 team type-team status-publish has-post-thumbnail hentry team_category-sobre\">\n    <div class=\"feature feature-8\">\n    \t<a href=\"https:\/\/avelozcomunicacao.com.br\/toyotas\/team\/lais-guedes\/\" class=\"image-wrapper background-image-holder\">\n       \t\t<img loading=\"lazy\" decoding=\"async\" width=\"225\" height=\"300\" src=\"https:\/\/avelozcomunicacao.com.br\/toyotas\/wp-content\/uploads\/2021\/12\/Lais-Guedes-225x300.jpeg\" class=\"attachment-medium size-medium wp-post-image\" alt=\"\" srcset=\"https:\/\/avelozcomunicacao.com.br\/toyotas\/wp-content\/uploads\/2021\/12\/Lais-Guedes-225x300.jpeg 225w, https:\/\/avelozcomunicacao.com.br\/toyotas\/wp-content\/uploads\/2021\/12\/Lais-Guedes-768x1024.jpeg 768w, https:\/\/avelozcomunicacao.com.br\/toyotas\/wp-content\/uploads\/2021\/12\/Lais-Guedes.jpeg 978w\" sizes=\"auto, (max-width: 225px) 100vw, 225px\" \/>        <\/a>\n        <h5 data-ajax-identifier=\"post_title\"><a class=\"h5\" href=\"https:\/\/avelozcomunicacao.com.br\/toyotas\/team\/lais-guedes\/\">La\u00eds Guedes<\/a><\/h5><span data-ajax-identifier=\"_ebor_the_job_title\">Edi\u00e7\u00e3o de Podcast<\/span>    <\/div>\n<\/div><div id=\"619\" class=\"col-sm-4 post-619 team type-team status-publish has-post-thumbnail hentry team_category-sobre\">\n    <div class=\"feature feature-8\">\n    \t<a href=\"https:\/\/avelozcomunicacao.com.br\/toyotas\/team\/maria-eduarda-albuquerque\/\" class=\"image-wrapper background-image-holder\">\n       \t\t<img loading=\"lazy\" decoding=\"async\" width=\"225\" height=\"300\" src=\"https:\/\/avelozcomunicacao.com.br\/toyotas\/wp-content\/uploads\/2021\/11\/Duda-225x300.jpg\" class=\"attachment-medium size-medium wp-post-image\" alt=\"\" srcset=\"https:\/\/avelozcomunicacao.com.br\/toyotas\/wp-content\/uploads\/2021\/11\/Duda-225x300.jpg 225w, https:\/\/avelozcomunicacao.com.br\/toyotas\/wp-content\/uploads\/2021\/11\/Duda.jpg 480w\" sizes=\"auto, (max-width: 225px) 100vw, 225px\" \/>        <\/a>\n        <h5 data-ajax-identifier=\"post_title\"><a class=\"h5\" href=\"https:\/\/avelozcomunicacao.com.br\/toyotas\/team\/maria-eduarda-albuquerque\/\">Maria Eduarda Albuquerque<\/a><\/h5><span data-ajax-identifier=\"_ebor_the_job_title\">Edi\u00e7\u00e3o de Doc<\/span>    <\/div>\n<\/div><div id=\"617\" class=\"col-sm-4 post-617 team type-team status-publish has-post-thumbnail hentry team_category-sobre\">\n    <div class=\"feature feature-8\">\n    \t<a href=\"https:\/\/avelozcomunicacao.com.br\/toyotas\/team\/debora-teixeira\/\" class=\"image-wrapper background-image-holder\">\n       \t\t<img loading=\"lazy\" decoding=\"async\" width=\"300\" height=\"300\" src=\"https:\/\/avelozcomunicacao.com.br\/toyotas\/wp-content\/uploads\/2021\/11\/debora-300x300.jpg\" class=\"attachment-medium size-medium wp-post-image\" alt=\"\" srcset=\"https:\/\/avelozcomunicacao.com.br\/toyotas\/wp-content\/uploads\/2021\/11\/debora-300x300.jpg 300w, https:\/\/avelozcomunicacao.com.br\/toyotas\/wp-content\/uploads\/2021\/11\/debora-150x150.jpg 150w, https:\/\/avelozcomunicacao.com.br\/toyotas\/wp-content\/uploads\/2021\/11\/debora-60x60.jpg 60w, https:\/\/avelozcomunicacao.com.br\/toyotas\/wp-content\/uploads\/2021\/11\/debora.jpg 640w\" sizes=\"auto, (max-width: 300px) 100vw, 300px\" \/>        <\/a>\n        <h5 data-ajax-identifier=\"post_title\"><a class=\"h5\" href=\"https:\/\/avelozcomunicacao.com.br\/toyotas\/team\/debora-teixeira\/\">Debora Teixeira<\/a><\/h5><span data-ajax-identifier=\"_ebor_the_job_title\">Fot\u00f3grafa<\/span>    <\/div>\n<\/div><div id=\"616\" class=\"col-sm-4 post-616 team type-team status-publish has-post-thumbnail hentry team_category-sobre\">\n    <div class=\"feature feature-8\">\n    \t<a href=\"https:\/\/avelozcomunicacao.com.br\/toyotas\/team\/sergio-lucas\/\" class=\"image-wrapper background-image-holder\">\n       \t\t<img loading=\"lazy\" decoding=\"async\" width=\"236\" height=\"300\" src=\"https:\/\/avelozcomunicacao.com.br\/toyotas\/wp-content\/uploads\/2021\/11\/Sergio-236x300.jpeg\" class=\"attachment-medium size-medium wp-post-image\" alt=\"\" srcset=\"https:\/\/avelozcomunicacao.com.br\/toyotas\/wp-content\/uploads\/2021\/11\/Sergio-236x300.jpeg 236w, https:\/\/avelozcomunicacao.com.br\/toyotas\/wp-content\/uploads\/2021\/11\/Sergio.jpeg 535w\" sizes=\"auto, (max-width: 236px) 100vw, 236px\" \/>        <\/a>\n        <h5 data-ajax-identifier=\"post_title\"><a class=\"h5\" href=\"https:\/\/avelozcomunicacao.com.br\/toyotas\/team\/sergio-lucas\/\">S\u00e9rgio Lucas<\/a><\/h5><span data-ajax-identifier=\"_ebor_the_job_title\">Fot\u00f3grafo<\/span>    <\/div>\n<\/div><div id=\"627\" class=\"col-sm-4 post-627 team type-team status-publish has-post-thumbnail hentry team_category-sobre\">\n    <div class=\"feature feature-8\">\n    \t<a href=\"https:\/\/avelozcomunicacao.com.br\/toyotas\/team\/joao-gabriel-lourenco\/\" class=\"image-wrapper background-image-holder\">\n       \t\t<img loading=\"lazy\" decoding=\"async\" width=\"300\" height=\"300\" src=\"https:\/\/avelozcomunicacao.com.br\/toyotas\/wp-content\/uploads\/2021\/11\/joao-300x300.jpg\" class=\"attachment-medium size-medium wp-post-image\" alt=\"\" srcset=\"https:\/\/avelozcomunicacao.com.br\/toyotas\/wp-content\/uploads\/2021\/11\/joao-300x300.jpg 300w, https:\/\/avelozcomunicacao.com.br\/toyotas\/wp-content\/uploads\/2021\/11\/joao-150x150.jpg 150w, https:\/\/avelozcomunicacao.com.br\/toyotas\/wp-content\/uploads\/2021\/11\/joao-60x60.jpg 60w, https:\/\/avelozcomunicacao.com.br\/toyotas\/wp-content\/uploads\/2021\/11\/joao.jpg 640w\" sizes=\"auto, (max-width: 300px) 100vw, 300px\" \/>        <\/a>\n        <h5 data-ajax-identifier=\"post_title\"><a class=\"h5\" href=\"https:\/\/avelozcomunicacao.com.br\/toyotas\/team\/joao-gabriel-lourenco\/\">Jo\u00e3o Gabriel Louren\u00e7o<\/a><\/h5><span data-ajax-identifier=\"_ebor_the_job_title\">Fot\u00f3grafo<\/span>    <\/div>\n<\/div><div id=\"628\" class=\"col-sm-4 post-628 team type-team status-publish has-post-thumbnail hentry team_category-sobre\">\n    <div class=\"feature feature-8\">\n    \t<a href=\"https:\/\/avelozcomunicacao.com.br\/toyotas\/team\/firmo\/\" class=\"image-wrapper background-image-holder\">\n       \t\t<img loading=\"lazy\" decoding=\"async\" width=\"201\" height=\"300\" src=\"https:\/\/avelozcomunicacao.com.br\/toyotas\/wp-content\/uploads\/2021\/11\/firmo-76-1-201x300.jpg\" class=\"attachment-medium size-medium wp-post-image\" alt=\"\" srcset=\"https:\/\/avelozcomunicacao.com.br\/toyotas\/wp-content\/uploads\/2021\/11\/firmo-76-1-201x300.jpg 201w, https:\/\/avelozcomunicacao.com.br\/toyotas\/wp-content\/uploads\/2021\/11\/firmo-76-1-686x1024.jpg 686w, https:\/\/avelozcomunicacao.com.br\/toyotas\/wp-content\/uploads\/2021\/11\/firmo-76-1-768x1146.jpg 768w, https:\/\/avelozcomunicacao.com.br\/toyotas\/wp-content\/uploads\/2021\/11\/firmo-76-1-1030x1536.jpg 1030w, https:\/\/avelozcomunicacao.com.br\/toyotas\/wp-content\/uploads\/2021\/11\/firmo-76-1-1373x2048.jpg 1373w, https:\/\/avelozcomunicacao.com.br\/toyotas\/wp-content\/uploads\/2021\/11\/firmo-76-1-scaled.jpg 1716w\" sizes=\"auto, (max-width: 201px) 100vw, 201px\" \/>        <\/a>\n        <h5 data-ajax-identifier=\"post_title\"><a class=\"h5\" href=\"https:\/\/avelozcomunicacao.com.br\/toyotas\/team\/firmo\/\">Marcus Firmo<\/a><\/h5><span data-ajax-identifier=\"_ebor_the_job_title\">Fot\u00f3grafo<\/span>    <\/div>\n<\/div><\/div><!--end of row-->[vc_empty_space height=&#8221;12px&#8221;][vc_column_text]<\/p>\n<p style=\"text-align: center;\"><span style=\"font-family: 'Book Antiqua', Palatino; font-size: 12pt;\">Agradecimentos Especiais: <\/span><\/p>\n<p style=\"text-align: center;\"><span style=\"font-family: 'Book Antiqua', Palatino; font-size: 12pt;\">F\u00e1tima Finizola, Laborat\u00f3rio de Tipografia do Agreste, Rita V\u00eanus, Hercules Monteiro, Ayrton Cruz, Juliana Leit\u00e3o, Iomana Rocha, Marco Zero Conte\u00fados, Solte Sua Voz e todos os motoristas e passageiros e passageiras que integraram este projeto.<\/span><\/p>\n<p>[\/vc_column_text][vc_empty_space height=&#8221;12px&#8221;][vc_single_image image=&#8221;289&#8243; img_size=&#8221;1842&#215;118&#8243; alignment=&#8221;center&#8221;][vc_single_image image=&#8221;688&#8243; img_size=&#8221;large&#8221; alignment=&#8221;center&#8221;][\/vc_column][\/vc_row]<\/p>\n<\/div>","protected":false},"excerpt":{"rendered":"<p>[vc_row][vc_column][vc_empty_space][vc_column_text] A Limousine do Agreste \u00e9 mais uma reportagem original do Reportagens Especiais, projeto de extens\u00e3o do Observat\u00f3rio da Vida Agreste (OVA),&#8230;<\/p>\n","protected":false},"author":2,"featured_media":0,"parent":0,"menu_order":0,"comment_status":"closed","ping_status":"closed","template":"","meta":{"footnotes":""},"class_list":["post-238","page","type-page","status-publish","hentry"],"_links":{"self":[{"href":"https:\/\/avelozcomunicacao.com.br\/toyotas\/wp-json\/wp\/v2\/pages\/238","targetHints":{"allow":["GET"]}}],"collection":[{"href":"https:\/\/avelozcomunicacao.com.br\/toyotas\/wp-json\/wp\/v2\/pages"}],"about":[{"href":"https:\/\/avelozcomunicacao.com.br\/toyotas\/wp-json\/wp\/v2\/types\/page"}],"author":[{"embeddable":true,"href":"https:\/\/avelozcomunicacao.com.br\/toyotas\/wp-json\/wp\/v2\/users\/2"}],"replies":[{"embeddable":true,"href":"https:\/\/avelozcomunicacao.com.br\/toyotas\/wp-json\/wp\/v2\/comments?post=238"}],"version-history":[{"count":23,"href":"https:\/\/avelozcomunicacao.com.br\/toyotas\/wp-json\/wp\/v2\/pages\/238\/revisions"}],"predecessor-version":[{"id":690,"href":"https:\/\/avelozcomunicacao.com.br\/toyotas\/wp-json\/wp\/v2\/pages\/238\/revisions\/690"}],"wp:attachment":[{"href":"https:\/\/avelozcomunicacao.com.br\/toyotas\/wp-json\/wp\/v2\/media?parent=238"}],"curies":[{"name":"wp","href":"https:\/\/api.w.org\/{rel}","templated":true}]}}